{"id":206942,"date":"2020-04-14T19:50:45","date_gmt":"2020-04-14T17:50:45","guid":{"rendered":"http:\/\/wordpress.p562146.webspaceconfig.de\/?page_id=206942"},"modified":"2025-06-02T12:03:00","modified_gmt":"2025-06-02T10:03:00","slug":"vita","status":"publish","type":"page","link":"https:\/\/tanjalebski.de\/en\/vita\/","title":{"rendered":"Vita"},"content":{"rendered":"<p>[et_pb_section fb_built=&#8220;1&#8243; admin_label=&#8220;Variante 1&#8243; _builder_version=&#8220;4.16&#8243; custom_padding=&#8220;||1px|||&#8220; global_colors_info=&#8220;{}&#8220;][et_pb_row column_structure=&#8220;1_2,1_4,1_4&#8243; module_class=&#8220;centered&#8220; _builder_version=&#8220;4.16&#8243; custom_padding=&#8220;0px||0px||true|&#8220; global_colors_info=&#8220;{}&#8220;][et_pb_column type=&#8220;1_2&#8243; _builder_version=&#8220;4.16&#8243; global_colors_info=&#8220;{}&#8220;][\/et_pb_column][et_pb_column type=&#8220;1_4&#8243; _builder_version=&#8220;4.16&#8243; global_colors_info=&#8220;{}&#8220;][et_pb_image src=&#8220;http:\/\/tanjalebski.de\/wp-content\/uploads\/2020\/04\/Tanja-bb-von-Anna.png&#8220; title_text=&#8220;Tanja bb von Anna&#8220; _builder_version=&#8220;4.16&#8243; _module_preset=&#8220;ed799543-ea6d-4512-ab3b-bada09b6f419&#8243; global_colors_info=&#8220;{}&#8220; src__hover_enabled=&#8220;off|desktop&#8220;][\/et_pb_image][\/et_pb_column][et_pb_column type=&#8220;1_4&#8243; _builder_version=&#8220;4.16&#8243; global_colors_info=&#8220;{}&#8220;][et_pb_image src=&#8220;http:\/\/tanjalebski.de\/wp-content\/uploads\/2020\/08\/KT-Vita.jpg&#8220; title_text=&#8220;K+T Vita&#8220; _builder_version=&#8220;4.16&#8243; _module_preset=&#8220;ed799543-ea6d-4512-ab3b-bada09b6f419&#8243; global_colors_info=&#8220;{}&#8220; src__hover_enabled=&#8220;off|desktop&#8220;][\/et_pb_image][\/et_pb_column][\/et_pb_row][et_pb_row custom_padding_last_edited=&#8220;on|phone&#8220; module_class=&#8220;centered&#8220; _builder_version=&#8220;4.16&#8243; custom_margin=&#8220;||||false|false&#8220; custom_padding=&#8220;|20em|||false|false&#8220; custom_padding_tablet=&#8220;|0em|||false|false&#8220; custom_padding_phone=&#8220;&#8220; global_colors_info=&#8220;{}&#8220;][et_pb_column type=&#8220;4_4&#8243; _builder_version=&#8220;4.16&#8243; global_colors_info=&#8220;{}&#8220;][et_pb_text _builder_version=&#8220;4.18.1&#8243; text_orientation=&#8220;right&#8220; global_colors_info=&#8220;{}&#8220;]<\/p>\n<p><span>Geboren 1967; Ausbildung zur Schriftsetzerin; seit 1995 im Bereich Grafik freischaffend ta\u0308tig; seit 1983 Weiterbildungen in vielfa\u0308ltigen ku\u0308nstlerischen Disziplinen wie z.B. Malerei, Radierung, Mosaik und andere Techniken, unter anderem in der \u201eEuropa\u0308ischen Kunstakademie\u201c Trier, an der \u201cScuola mosaicisti di friuli\u201d Spilimbergo, Italien <\/span><span>und in Ravenna (\u201crestauro del mosaico\u201c, Luciana Notturni, 2013). Seit 2009 Mitglied des BBK Rheinland-Pfalz; Gru\u0308ndungsmitglied der Deutschen Organisation fu\u0308r Mosaikkunst, DOMO e.V. und seit 2014 Mitglied im AIMC (Assoziazione\u00a0<\/span><span>internationale degli mosaicisti contemporanei). 2014 IHK Ludwigshafen Schwei\u00dferlehrgang.<br \/><\/span><span>Von 2018 bis Mai 2023 und seit April 2025 erste Vorsitzende der Deutschen Organisation fu\u0308r Mosaikkunst e.V.<br \/>Sprecherin f\u00fcr die Domo e.V. im Dt. Kunstrat \/ Jurorin f\u00fcr den BBK-rlp<\/span><\/p>\n<p><span><\/span><\/p>\n<p>[\/et_pb_text][\/et_pb_column][\/et_pb_row][\/et_pb_section][et_pb_section fb_built=&#8220;1&#8243; admin_label=&#8220;Variante 2&#8243; module_id=&#8220;ausstellungen&#8220; _builder_version=&#8220;4.16&#8243; custom_padding=&#8220;0px||0px||true|&#8220; global_colors_info=&#8220;{}&#8220;][et_pb_row column_structure=&#8220;1_2,1_4,1_4&#8243; module_class=&#8220;centered&#8220; _builder_version=&#8220;4.16&#8243; global_colors_info=&#8220;{}&#8220;][et_pb_column type=&#8220;1_2&#8243; _builder_version=&#8220;4.16&#8243; global_colors_info=&#8220;{}&#8220;][\/et_pb_column][et_pb_column type=&#8220;1_4&#8243; _builder_version=&#8220;4.16&#8243; global_colors_info=&#8220;{}&#8220;][et_pb_image src=&#8220;http:\/\/tanjalebski.de\/wp-content\/uploads\/2020\/07\/300_Tanja-zeichnet.jpg&#8220; title_text=&#8220;300 Square&#8220; _builder_version=&#8220;4.16&#8243; _module_preset=&#8220;ed799543-ea6d-4512-ab3b-bada09b6f419&#8243; global_colors_info=&#8220;{}&#8220; src__hover_enabled=&#8220;off|desktop&#8220;][\/et_pb_image][\/et_pb_column][et_pb_column type=&#8220;1_4&#8243; _builder_version=&#8220;4.16&#8243; global_colors_info=&#8220;{}&#8220;][et_pb_image src=&#8220;http:\/\/tanjalebski.de\/wp-content\/uploads\/2020\/08\/KT-Ausstellungen.jpg&#8220; title_text=&#8220;K+T Ausstellungen&#8220; _builder_version=&#8220;4.16&#8243; _module_preset=&#8220;ed799543-ea6d-4512-ab3b-bada09b6f419&#8243; global_colors_info=&#8220;{}&#8220; src__hover_enabled=&#8220;off|desktop&#8220;][\/et_pb_image][\/et_pb_column][\/et_pb_row][et_pb_row column_structure=&#8220;3_4,1_4&#8243; module_class=&#8220;centered&#8220; _builder_version=&#8220;4.16&#8243; global_colors_info=&#8220;{}&#8220;][et_pb_column type=&#8220;3_4&#8243; _builder_version=&#8220;4.16&#8243; global_colors_info=&#8220;{}&#8220;][et_pb_text _builder_version=&#8220;4.27.4&#8243; custom_margin=&#8220;||||false|false&#8220; custom_padding=&#8220;7px|||||&#8220; global_colors_info=&#8220;{}&#8220;]<\/p>\n<p><strong>2025 <\/strong>Teilnahme 2\u00e8me Triennale de la mosaique, Couvin, Belgien<br \/><strong>2025\/2026\u00a0<\/strong>Wanderausstellung &#8222;Dialog&#8220; der Domo e.V., Start September 2025 in Ulm<br \/><strong>2024<\/strong> Gruppenausstellung &#8222;Kunst f\u00fcr Auge und Ohr&#8220; Atelier EFWE Mackenbach<br \/><strong><\/strong><strong>2023<\/strong> Skulpturengarten Schweigen-Rechtenbach, Mosaikstele \u201eauf, auf &#8211; du Sch\u00f6pfung\u201c<br \/><strong><\/strong><strong>2022 <\/strong>jurierte, internationale Ausstellung &#8222;Ordnung und Chaos&#8220;, Domo e.V. und Kunstverein Bad D\u00fcrkheim, Bad D\u00fcrkheim<br \/>mit dem Mosaik &#8222;Kultur &#8211; Ur-Kult&#8220;<br \/><strong>2021<\/strong> Einzelausstellung &#8222;&#8230;und ich tr\u00e4umte schon immer in Farbe&#8220;, Kulturverein G\u00f6llheim, G\u00f6llheim<br \/><strong><\/strong><strong>2021<\/strong> Teilnahme am Plein-Air des Kunstvereins Essenheim zum Thema ELF &#8211; Egalit\u00e9, Libert\u00e9, Fraternit\u00e9<br \/><strong>2020<\/strong>-2021 Einzelausstellung &#8222;Bildgeschichten&#8220;, Landeszentrale f\u00fcr Medien und Kommunikation, Ludwigshafen<br \/><strong>2020<\/strong> Einzelausstellung &#8222;\u00c4rztehaus am Neckar&#8220;, Mannheim<br \/><strong>2019<\/strong> \u00a01. Global Art Festival, Gujarat, Indien und Sanghi Live Global Art Festival, Gujarat, Indien<br \/><strong>2019<\/strong> Mosaik-Biennale in Hazebrouck, FR mit dem Mosaik \u201eDas Handwerk hat\u00a0goldenen Boden &#8211; echt?\u201c<br \/><strong>2019<\/strong> 3. Preis jurierte Gemeinschaftsausstellung \u201enatural-unnatural\u201c DOMO &amp; BAMM, York\u00a0und London, Mosaik \u201ebittersweet\u201c<br \/><strong>2019<\/strong> Gewinnerin des Kunstpreises Eisenturm, Mainz zum Thema \u201eOdyssee\u201c mit dem Tryptichon \u201epost mortem&#8220;<br \/><strong>2018<\/strong> \u00a0Einzelausstellung \u201eSpektrum \u2013 Zwischen Farbe und Stein\u201c im Club Arte, Mannheim<br \/><strong>2018<\/strong> \u00a0Wanderausstellung \u201eElemente\u201c der DOMO in ganz Deutschland<br \/><strong>2017<\/strong> \u00a0erster Preis bei der international jurierten und europaweit ausgeschriebenen Ausstellung\u00a0\u201eFragment\u201c mit dem Mosaik<br \/>\u201ePRIMAVERA \u2013 oggetti ritrovati\u201c, Gemeinschaftausstellung in Pfaffenhofen\/Bayern<br \/><strong>2016<\/strong> \u00a0Mitgliederausstellung des AIMC im Palazzo Tedea in Spilimbergo, IT<br \/><strong>2015<\/strong> Wanderausstellung \u201eLicht und Schatten\u201c der DOMO in ganz Deutschland<br \/><strong>2015<\/strong> Ausstellung eines Parts des SIGNS-Mosaikprojektes Ravenna, IT<br \/><strong>2012<\/strong> Gemeinschaftsausstellung Mosaik in Giessen \u201eLeib und Seele\u201c<br \/><strong>2012<\/strong> Mitgliederausstellung der DOMO in Linz a.Rh.<br \/><strong>2012<\/strong> Gemeinschaftsausstellung Kulturforum Kaiserslautern, Malerei und Mosaik<br \/><strong>2011<\/strong> Gemeinschaftsausstellung Heilig-Geist-Kirche, Speyer \u201cMalen f\u00fcr den Dom\u201d des KV Neustadt<br \/><strong>2012<\/strong> Gemeinschaftsausstellung der DOMO zusammen mit \u201ehet Mozaiekgilde\u201c in Rolduc, NL<br \/><strong>2010<\/strong> Gemeinschaftsausstellung \u201cNeu im BBK\u201d, Mainz<br \/><strong>2010<\/strong> Gemeinschaftsausstellung in Blanzy, Frankreich<br \/><strong>2010<\/strong> Einzelausstellung \u201cZustand \u2013 Aufstand\u201d Kunst im Turm, Marnheim<br \/><strong>2010<\/strong> internationale, jurierte Mosaikausstellung \u201cconneXion\u201d Maikammer,\u00a05. Platz von 89 Teilnehmenden<br \/><strong>2009<\/strong> Gemeinschaftsausstellung der DOMO \u201csteinreich\u201d, Wassergalerie Berlin<br \/><strong>2009<\/strong> Gemeinschaftsausstellung \u201cHaut\u201d, Epiphaniaskirche Mannheim, K\u00fcnstlergruppe Uli Lamp<\/p>\n<p>[\/et_pb_text][\/et_pb_column][et_pb_column type=&#8220;1_4&#8243; _builder_version=&#8220;4.16&#8243; global_colors_info=&#8220;{}&#8220;][\/et_pb_column][\/et_pb_row][\/et_pb_section][et_pb_section fb_built=&#8220;1&#8243; admin_label=&#8220;Variante 3&#8243; module_id=&#8220;oeffentliche-kunst&#8220; _builder_version=&#8220;4.16&#8243; custom_padding=&#8220;0px||0px||true|&#8220; global_colors_info=&#8220;{}&#8220;][et_pb_row column_structure=&#8220;1_2,1_4,1_4&#8243; module_class=&#8220;centered&#8220; _builder_version=&#8220;4.16&#8243; global_colors_info=&#8220;{}&#8220;][et_pb_column type=&#8220;1_2&#8243; _builder_version=&#8220;4.16&#8243; global_colors_info=&#8220;{}&#8220;][\/et_pb_column][et_pb_column type=&#8220;1_4&#8243; _builder_version=&#8220;4.16&#8243; global_colors_info=&#8220;{}&#8220;][et_pb_image src=&#8220;http:\/\/tanjalebski.de\/wp-content\/uploads\/2020\/07\/300_Plasmaschneiden.jpg&#8220; title_text=&#8220;300 Square&#8220; _builder_version=&#8220;4.16&#8243; _module_preset=&#8220;ed799543-ea6d-4512-ab3b-bada09b6f419&#8243; global_colors_info=&#8220;{}&#8220; src__hover_enabled=&#8220;off|hover&#8220; src__hover=&#8220;http:\/\/tanjalebski.de\/wp-content\/uploads\/2020\/04\/mosaik.png&#8220;][\/et_pb_image][\/et_pb_column][et_pb_column type=&#8220;1_4&#8243; _builder_version=&#8220;4.16&#8243; global_colors_info=&#8220;{}&#8220;][et_pb_image src=&#8220;http:\/\/tanjalebski.de\/wp-content\/uploads\/2020\/08\/KT-im-\u00f6ffentlichen-Raum.jpg&#8220; title_text=&#8220;K+T im \u00f6ffentlichen Raum&#8220; _builder_version=&#8220;4.16&#8243; _module_preset=&#8220;ed799543-ea6d-4512-ab3b-bada09b6f419&#8243; global_colors_info=&#8220;{}&#8220; src__hover_enabled=&#8220;off|desktop&#8220;][\/et_pb_image][\/et_pb_column][\/et_pb_row][et_pb_row column_structure=&#8220;3_4,1_4&#8243; module_class=&#8220;centered&#8220; _builder_version=&#8220;4.16&#8243; custom_padding=&#8220;|||2px||&#8220; global_colors_info=&#8220;{}&#8220;][et_pb_column type=&#8220;3_4&#8243; _builder_version=&#8220;4.16&#8243; global_colors_info=&#8220;{}&#8220;][et_pb_text _builder_version=&#8220;4.27.4&#8243; global_colors_info=&#8220;{}&#8220;]<\/p>\n<p><strong>2025 <\/strong>Kunst am Bau, freie Vergabe, Carl-Orff-F\u00f6rderschule Neuwied-Engers &#8222;Medusentanz&#8220;<strong><br \/>2024 <\/strong>Kunst am Bau, freie Vergabe, F\u00f6rderschule Br\u00fcder Grimm Grundschule Neuwied &#8222;M\u00e4rchen im Quadrat&#8220;<strong><br \/>2024<\/strong>\u00a0Kunst am Bau-Wettbewerb Pirmasens, Ausf\u00fchrung Mosaikgestaltung St\u00fctzwand mit dem Konzept &#8222;Zeitsprung&#8220;<strong><br \/>2023<\/strong>\u00a0Stadtkunst Bad D\u00fcrkheim, Kneippbecken Mosaike und Betonfiguren \u201eSirona &amp; Lukulla\u201c<br \/><strong><\/strong><strong>2022<\/strong> Kunst am Bau, freie Vergabe, KiTa Raupe Nimmersatt, Lingenfeld Figuren &#8222;Die Blattfreunde&#8220;<br \/><strong>2021 \/ 2022 <\/strong>Kunst am Bau, freie Vergabe, Grundschule Beindersheim &#8222;aufgef\u00e4chert&#8220;<strong><br \/>2020<\/strong> Kunst am Bau-Wettbewerb, Skulptur &#8222;Harxi&#8220;, erster Platz und Ausf\u00fchrung, Harxheim<br \/><strong>2020<\/strong> Kunst am Bau, Spielskulptur &#8222;Abraxas von Arrotzo&#8220;, Ottfried-Preu\u00dfler-Grundschule Otterberg<br \/><strong>2019<\/strong> Wandmalerei und Mosaikprojekt, Parul-University, Vadodara, Gujarat, Indien<br \/><strong>2019<\/strong> Wandmalerei Bus-Station, Vadodara, Gujarat, Indien<br \/><strong>2017\/2018<\/strong> Mosaikgestaltung Paul-M\u00fcnch-Brunnen, Kaiserslautern<br \/><strong>2016<\/strong> Kunst am Bau-Wettbewerb, Grund- und Realschule Plus Flonheim, erster Preis und Ausf\u00fchrung<br \/><strong>2015<\/strong> Projektarbeit und Malereien im Pausenhof Grundschule Altleiningen<br \/><strong>2014<\/strong> Gestaltung eines Brunnens, Naturspur Otterstadt<br \/><strong>2014<\/strong> Teilnahme am Ersten Mosaik-Skulpturen-Pfad Deutschlands \u201eUMoSSA\u201c in Gerstetten mit der Stahl-Mosaik-Skulptur \u201eTotem\u201c<br \/><strong>2012<\/strong> Gestaltung eines Wasserlaufes, Waldspielplatz, Bellheim<br \/><strong>2012<\/strong> Symposion Eisenberg, Themen: Geschichte und Industrie Eisenbergs<br \/><strong>2010<\/strong> Kunst am Bau-Wettbewerb, Grundschule Hettenleidelheim, erster Preis und Ausf\u00fchrung<br \/><strong>2009<\/strong> G\u00f6llheimer Meilenstein, Mosaik, G\u00f6llheim<br \/><strong>2009<\/strong> Pendant-Mosaik f\u00fcr Ortsgemeinde Hettenleidlheim zur Jumelage Blanzy<br \/><strong>2009<\/strong> Mosaik-Schlangenskulpturen im Steffi-Graf-Park, Br\u00fchl<br \/><strong>2008<\/strong> Rathausschild Ortsgemeinde Altleiningen<br \/><strong>2007<\/strong> Bildhauersymposion \u201cBlickachse\u201d mit 11 Mosaiken in den Gehwegen in G\u00f6llheim<br \/><strong>2008<\/strong> Mosaik f\u00fcr Ortsgemeinde Blanzy (FR)<br \/><strong>2007<\/strong> Mosaik, Dorfplatz Altleiningen<br \/><strong>2006<\/strong> Trompe l\u2019oeil-Malerei im Wellenbad in Adelberg bei Stuttgart, in Zusammenarbeit mit Ulrich Allgaier<br \/><strong>2005\/2006<\/strong> Urkunden \u201c25 Jahre Partnerschaft Altleiningen (D) &#8211; Oberbronn (FR)\u201d<br \/><strong>2004<\/strong> Mosaik im Foyer der Verbandsgemeinde Hettenleidelheim<\/p>\n<p>[\/et_pb_text][\/et_pb_column][et_pb_column type=&#8220;1_4&#8243; _builder_version=&#8220;4.16&#8243; global_colors_info=&#8220;{}&#8220;][\/et_pb_column][\/et_pb_row][\/et_pb_section]<\/p>\n","protected":false},"excerpt":{"rendered":"<p>Geboren 1967; Ausbildung zur Schriftsetzerin; seit 1995 im Bereich Grafik freischaffend ta\u0308tig; seit 1983 Weiterbildungen in vielfa\u0308ltigen ku\u0308nstlerischen Disziplinen wie z.B. Malerei, Radierung, Mosaik und andere Techniken, unter anderem in der \u201eEuropa\u0308ischen Kunstakademie\u201c Trier, an der \u201cScuola mosaicisti di friuli\u201d Spilimbergo, Italien und in Ravenna (\u201crestauro del mosaico\u201c, Luciana Notturni, 2013). Seit 2009 Mitglied des [&hellip;]<\/p>\n","protected":false},"author":4,"featured_media":0,"parent":0,"menu_order":0,"comment_status":"closed","ping_status":"closed","template":"","meta":{"_et_pb_use_builder":"on","_et_pb_old_content":"<!-- wp:divi\/placeholder \/-->","_et_gb_content_width":"","footnotes":""},"class_list":["post-206942","page","type-page","status-publish","hentry"],"_links":{"self":[{"href":"https:\/\/tanjalebski.de\/en\/wp-json\/wp\/v2\/pages\/206942","targetHints":{"allow":["GET"]}}],"collection":[{"href":"https:\/\/tanjalebski.de\/en\/wp-json\/wp\/v2\/pages"}],"about":[{"href":"https:\/\/tanjalebski.de\/en\/wp-json\/wp\/v2\/types\/page"}],"author":[{"embeddable":true,"href":"https:\/\/tanjalebski.de\/en\/wp-json\/wp\/v2\/users\/4"}],"replies":[{"embeddable":true,"href":"https:\/\/tanjalebski.de\/en\/wp-json\/wp\/v2\/comments?post=206942"}],"version-history":[{"count":62,"href":"https:\/\/tanjalebski.de\/en\/wp-json\/wp\/v2\/pages\/206942\/revisions"}],"predecessor-version":[{"id":209957,"href":"https:\/\/tanjalebski.de\/en\/wp-json\/wp\/v2\/pages\/206942\/revisions\/209957"}],"wp:attachment":[{"href":"https:\/\/tanjalebski.de\/en\/wp-json\/wp\/v2\/media?parent=206942"}],"curies":[{"name":"wp","href":"https:\/\/api.w.org\/{rel}","templated":true}]}}