{"id":209272,"date":"2022-10-10T10:43:20","date_gmt":"2022-10-10T08:43:20","guid":{"rendered":"https:\/\/tanjalebski.de\/?page_id=209272"},"modified":"2026-04-13T18:34:35","modified_gmt":"2026-04-13T16:34:35","slug":"news","status":"publish","type":"page","link":"https:\/\/tanjalebski.de\/en\/news\/","title":{"rendered":"News"},"content":{"rendered":"[et_pb_section fb_built=&#8220;1&#8243; admin_label=&#8220;section&#8220; _builder_version=&#8220;4.16&#8243; global_colors_info=&#8220;{}&#8220;][et_pb_row admin_label=&#8220;row&#8220; _builder_version=&#8220;4.27.0&#8243; background_size=&#8220;initial&#8220; background_position=&#8220;top_left&#8220; background_repeat=&#8220;repeat&#8220; custom_padding=&#8220;||33px|||&#8220; global_colors_info=&#8220;{}&#8220;][et_pb_column type=&#8220;4_4&#8243; _builder_version=&#8220;4.16&#8243; custom_padding=&#8220;|||&#8220; global_colors_info=&#8220;{}&#8220; custom_padding__hover=&#8220;|||&#8220;][et_pb_text _builder_version=&#8220;4.27.4&#8243; _module_preset=&#8220;default&#8220; text_font_size=&#8220;25px&#8220; header_text_color=&#8220;#DC204D&#8220; global_colors_info=&#8220;{}&#8220;]<pre><span style=\"color: #99cc00;\"><strong>N E W S<\/strong><\/span><\/pre>[\/et_pb_text][\/et_pb_column][\/et_pb_row][et_pb_row column_structure=&#8220;1_2,1_2&#8243; _builder_version=&#8220;4.27.4&#8243; _module_preset=&#8220;default&#8220; global_colors_info=&#8220;{}&#8220;][et_pb_column type=&#8220;1_2&#8243; _builder_version=&#8220;4.27.4&#8243; _module_preset=&#8220;default&#8220; global_colors_info=&#8220;{}&#8220;][et_pb_image src=&#8220;https:\/\/tanjalebski.de\/wp-content\/uploads\/2026\/04\/Plakat-A4-Mauerblimmelche-Projekt-PS-2026.jpg&#8220; _builder_version=&#8220;4.27.4&#8243; _module_preset=&#8220;default&#8220; title_text=&#8220;DOMO-Rundbrief-57&#8243; hover_enabled=&#8220;0&#8243; sticky_enabled=&#8220;0&#8243; custom_padding=&#8220;|0px||||&#8220;][\/et_pb_image][\/et_pb_column][et_pb_column type=&#8220;1_2&#8243; _builder_version=&#8220;4.27.4&#8243; _module_preset=&#8220;default&#8220; global_colors_info=&#8220;{}&#8220;][et_pb_text _builder_version=&#8220;4.27.4&#8243; _module_preset=&#8220;default&#8220; custom_padding=&#8220;0px||4px|||&#8220; global_colors_info=&#8220;{}&#8220;]<h2 class=\"wp-block-heading\" style=\"text-align: left;\">Ein Mitmachprojekt f\u00fcr alle<\/h2>[\/et_pb_text][et_pb_text _builder_version=&#8220;4.27.4&#8243; _module_preset=&#8220;default&#8220; global_colors_info=&#8220;{}&#8220;]<p><strong>im Saal \u201eAltes Schulhaus\u201c<\/strong><br \/><strong>Stadtteilverein Neuenheim e.V.<\/strong><br \/><strong>am Neuenheimer Marktplatz<\/strong><br \/><strong>Lutherstr. 18<\/strong><br \/><strong>69120 Heidelberg-Neuenheim<\/strong><\/p>[\/et_pb_text][et_pb_text _builder_version=&#8220;4.27.4&#8243; _module_preset=&#8220;default&#8220; global_colors_info=&#8220;{}&#8220;]<p><span style=\"color: #ff0000;\"><strong>offen am:<br \/>Freitag, 24. April<br \/>Samstag, 25. April und Sonntag, 26. April<\/strong><\/span><\/p>\n<p><span style=\"color: #ff0000;\"><strong>sowie<br \/><\/strong><\/span><span style=\"color: #ff0000;\"><strong><\/strong><\/span><span style=\"color: #ff0000;\"><strong>Freitag, 29. Mai<br \/>Samstag, 30. Mai und Sonntag, 31. Mai<\/strong><\/span><\/p>\n<p><span style=\"color: #ff0000;\"><strong>von 10-16 Uhr<\/strong><\/span><\/p>\n<p><span style=\"color: #ff0000;\"><b>Au\u00dferdem kann am &#8222;Schlabbeflickerfestival&#8220; <br \/>im K\u00fcnstlerzelt am Schlo\u00dfplatz ebenfalls <br \/>in der &#8222;Blimmelche-Kreativ-Werkstatt&#8220; <br \/>gearbeitet werden.<\/b><\/span><\/p>[\/et_pb_text][\/et_pb_column][\/et_pb_row][et_pb_row column_structure=&#8220;2_5,3_5&#8243; _builder_version=&#8220;4.27.0&#8243; _module_preset=&#8220;default&#8220; custom_padding=&#8220;||0px|||&#8220; global_colors_info=&#8220;{}&#8220;][et_pb_column type=&#8220;2_5&#8243; _builder_version=&#8220;4.27.0&#8243; _module_preset=&#8220;default&#8220; global_colors_info=&#8220;{}&#8220;][et_pb_image src=&#8220;https:\/\/tanjalebski.de\/wp-content\/uploads\/2025\/06\/Engers-Werkstatt-Fuchsberger-01.jpg&#8220; title_text=&#8220;Engers Werkstatt Fuchsberger 01&#8243; url=&#8220;https:\/\/tanjalebski.de\/project\/kunst-am-bau\/zeitsprung-2024\/&#8220; use_overlay=&#8220;on&#8220; overlay_icon_color=&#8220;#DC204D&#8220; hover_icon=&#8220;&#x68;||divi||400&#8243; _builder_version=&#8220;4.27.4&#8243; _module_preset=&#8220;default&#8220; global_colors_info=&#8220;{}&#8220; transform_styles__hover_enabled=&#8220;on|hover&#8220; transform_scale__hover_enabled=&#8220;on|hover&#8220; transform_translate__hover_enabled=&#8220;on|desktop&#8220; transform_rotate__hover_enabled=&#8220;on|desktop&#8220; transform_skew__hover_enabled=&#8220;on|desktop&#8220; transform_origin__hover_enabled=&#8220;on|desktop&#8220; transform_scale__hover=&#8220;104%|104%&#8220;][\/et_pb_image][\/et_pb_column][et_pb_column type=&#8220;3_5&#8243; _builder_version=&#8220;4.27.0&#8243; _module_preset=&#8220;default&#8220; global_colors_info=&#8220;{}&#8220;][et_pb_text admin_label=&#8220;Text&#8220; _builder_version=&#8220;4.27.4&#8243; header_2_text_align=&#8220;left&#8220; header_2_font_size=&#8220;26px&#8220; background_size=&#8220;initial&#8220; background_position=&#8220;top_left&#8220; background_repeat=&#8220;repeat&#8220; custom_margin=&#8220;||-31px|||&#8220; custom_padding=&#8220;0px||0px|||&#8220; global_colors_info=&#8220;{}&#8220;]<p><\/p>\n<h2 class=\"wp-block-heading\">Die &#8222;Handwerkskunst&#8220; hat in Altleiningen und Neuwied-Engers gedreht<\/h2>\n<p><\/p>\n<p><\/p>\n<p><\/p>[\/et_pb_text][et_pb_text _builder_version=&#8220;4.27.4&#8243; _module_preset=&#8220;default&#8220; link_text_color=&#8220;#DC204D&#8220; background_color=&#8220;#FFFFFF&#8220; min_height=&#8220;282.8px&#8220; custom_margin=&#8220;||19px|||&#8220; global_colors_info=&#8220;{}&#8220; link_text_color__hover_enabled=&#8220;on|hover&#8220; link_text_color__hover=&#8220;#DC204D&#8220;]<p>Ein Anruf&#8230; ein Termin zur Vorbesprechung&#8230; und los ging&#8217;s!<\/p>\n<p>Das Drehteam &#8211; Kameramann, Tontechniker und Regisseurin &#8211; der Doku-Serie &#8222;Handwerkskunst&#8220; des SWR begleitete die Mosaik-Arbeiten zum Kunst-am-Bau-Auftrag &#8222;Medusentanz&#8220; der Carl-Orff-F\u00f6rderschule in Neuwied-Engers. Vier Drehtage in der Kunstwerkstatt Altleiningen und zwei weitere Drehtage beim Einbau in der Schwimmhalle vor Ort.<\/p>\n<p>Ab 3. Juni 2025 erfolgt die Ausstrahlung, zuerst auf Youtube, sp\u00e4ter in der Mediathek des SWR.<\/p>\n<p><a href=\"https:\/\/www.youtube.com\/watch?v=gJTpQ4D6fNs&amp;t=630s\" target=\"_blank\" rel=\"noopener\">Hier gehts zum Filmbeitrag<\/a><br \/><a href=\"https:\/\/tanjalebski.de\/project\/kunst-am-bau\/zeitsprung-2024\/\" title=\"Zeitsprung 2024\"><\/a><\/p>\n<p>und<\/p>\n<p><a href=\"https:\/\/tanjalebski.de\/project\/kunst-am-bau\/wandmosaik-schwimmhalle-2025\/\">Hier der Link zum Mosaik-Auftrag &#8222;Medusentanz&#8220;<\/a><\/p>[\/et_pb_text][et_pb_gallery gallery_ids=&#8220;209914,209894,209893,209896,209895,209901&#8243; fullwidth=&#8220;on&#8220; _builder_version=&#8220;4.27.4&#8243; _module_preset=&#8220;default&#8220; width=&#8220;77.3%&#8220; max_width=&#8220;50%&#8220; height=&#8220;1000px&#8220; custom_margin=&#8220;|-236px|-9px|||&#8220; global_colors_info=&#8220;{}&#8220;][\/et_pb_gallery][\/et_pb_column][\/et_pb_row][\/et_pb_section]","protected":false},"excerpt":{"rendered":"<p>N E W SEin Mitmachprojekt f\u00fcr alleim Saal \u201eAltes Schulhaus\u201cStadtteilverein Neuenheim e.V.am Neuenheimer MarktplatzLutherstr. 1869120 Heidelberg-Neuenheimoffen am:Freitag, 24. AprilSamstag, 25. April und Sonntag, 26. April sowieFreitag, 29. MaiSamstag, 30. Mai und Sonntag, 31. Mai von 10-16 Uhr Au\u00dferdem kann am &#8222;Schlabbeflickerfestival&#8220; im K\u00fcnstlerzelt am Schlo\u00dfplatz ebenfalls in der &#8222;Blimmelche-Kreativ-Werkstatt&#8220; gearbeitet werden. Die &#8222;Handwerkskunst&#8220; hat in [&hellip;]<\/p>\n","protected":false},"author":3,"featured_media":0,"parent":0,"menu_order":0,"comment_status":"closed","ping_status":"closed","template":"","meta":{"_et_pb_use_builder":"on","_et_pb_old_content":"<!-- wp:heading -->\n<h2 class=\"wp-block-heading\">St\u00fctzwand M\u00fcnztreppe Pirmasens<\/h2>\n<!-- \/wp:heading -->\n\n<!-- wp:image {\"id\":209524,\"width\":\"288px\",\"height\":\"auto\",\"sizeSlug\":\"full\",\"linkDestination\":\"none\"} -->\n<figure class=\"wp-block-image size-full is-resized\"><img src=\"http:\/\/tanjalebski.de\/wp-content\/uploads\/2024\/07\/00-Stuetzwand-Muenztreppe-Februar-2024-vorher-2.jpg\" alt=\"\" class=\"wp-image-209524\" style=\"width:288px;height:auto\"\/><\/figure>\n<!-- \/wp:image -->\n\n<!-- wp:paragraph -->\n<p>So sah die Wand noch im Januar 2024 aus. ...<\/p>\n<!-- \/wp:paragraph -->\n\n<!-- wp:image {\"id\":209526,\"width\":\"852px\",\"height\":\"auto\",\"sizeSlug\":\"full\",\"linkDestination\":\"none\"} -->\n<figure class=\"wp-block-image size-full is-resized\"><img src=\"http:\/\/tanjalebski.de\/wp-content\/uploads\/2024\/07\/PS-Blick-auf-die-fertige-Wand-Foto-TKoch-2.jpg\" alt=\"\" class=\"wp-image-209526\" style=\"width:852px;height:auto\"\/><\/figure>\n<!-- \/wp:image -->\n\n<!-- wp:paragraph -->\n<p>... und so sieht die Wand jetzt aus. Ein halbes Jahr intensiven Arbeitens - zusammen mit meinem tollen Mosaikteam - zeigt nun die Umsetzung meines Entwurfes, der im Januar von einer Jury des Kunst-am-Bau-Wettbewerbes ausgew\u00e4hlt wurde. Ein Danke f\u00fcr das Foto an Thomas Koch.<\/p>\n<!-- \/wp:paragraph -->\n\n<!-- wp:paragraph -->\n<p><\/p>\n<!-- \/wp:paragraph -->","_et_gb_content_width":"","footnotes":""},"class_list":["post-209272","page","type-page","status-publish","hentry"],"_links":{"self":[{"href":"https:\/\/tanjalebski.de\/en\/wp-json\/wp\/v2\/pages\/209272","targetHints":{"allow":["GET"]}}],"collection":[{"href":"https:\/\/tanjalebski.de\/en\/wp-json\/wp\/v2\/pages"}],"about":[{"href":"https:\/\/tanjalebski.de\/en\/wp-json\/wp\/v2\/types\/page"}],"author":[{"embeddable":true,"href":"https:\/\/tanjalebski.de\/en\/wp-json\/wp\/v2\/users\/3"}],"replies":[{"embeddable":true,"href":"https:\/\/tanjalebski.de\/en\/wp-json\/wp\/v2\/comments?post=209272"}],"version-history":[{"count":29,"href":"https:\/\/tanjalebski.de\/en\/wp-json\/wp\/v2\/pages\/209272\/revisions"}],"predecessor-version":[{"id":210044,"href":"https:\/\/tanjalebski.de\/en\/wp-json\/wp\/v2\/pages\/209272\/revisions\/210044"}],"wp:attachment":[{"href":"https:\/\/tanjalebski.de\/en\/wp-json\/wp\/v2\/media?parent=209272"}],"curies":[{"name":"wp","href":"https:\/\/api.w.org\/{rel}","templated":true}]}}